{"id":65339,"date":"2025-02-17T18:06:29","date_gmt":"2025-02-17T18:06:29","guid":{"rendered":"https:\/\/de30829e-a388-430c-b449-c3bd271e5354.express.conves.io\/?page_id=65339"},"modified":"2025-09-30T08:41:47","modified_gmt":"2025-09-30T08:41:47","slug":"contact","status":"publish","type":"page","link":"https:\/\/de30829e-a388-430c-b449-c3bd271e5354.express.conves.io\/pl\/contact\/","title":{"rendered":"Kontakt"},"content":{"rendered":"<div data-elementor-type=\"wp-page\" data-elementor-id=\"65339\" class=\"elementor elementor-65339\">\n\t\t\t\t\t\t<section class=\"elementor-section elementor-top-section elementor-element elementor-element-68c7f88 elementor-section-boxed elementor-section-height-default elementor-section-height-default wpr-particle-no wpr-jarallax-no wpr-parallax-no wpr-sticky-section-no wpr-equal-height-no\" data-id=\"68c7f88\" data-element_type=\"section\" data-e-type=\"section\">\n\t\t\t\t\t\t\t<div class=\"elementor-background-overlay\"><\/div>\n\t\t\t\t\t\t\t<div class=\"elementor-container elementor-column-gap-default\">\n\t\t\t\t\t<div class=\"elementor-column elementor-col-100 elementor-top-column elementor-element elementor-element-6a32ff4\" data-id=\"6a32ff4\" data-element_type=\"column\" data-e-type=\"column\" data-settings=\"{&quot;background_background&quot;:&quot;classic&quot;}\">\n\t\t\t<div class=\"elementor-widget-wrap elementor-element-populated\">\n\t\t\t\t\t\t<div class=\"elementor-element elementor-element-dfd3b1b elementor-widget elementor-widget-heading\" data-id=\"dfd3b1b\" data-element_type=\"widget\" data-e-type=\"widget\" data-widget_type=\"heading.default\">\n\t\t\t\t<div class=\"elementor-widget-container\">\n\t\t\t\t\t<h1 class=\"elementor-heading-title elementor-size-default\">Kontakt<\/h1>\t\t\t\t<\/div>\n\t\t\t\t<\/div>\n\t\t\t\t\t<\/div>\n\t\t<\/div>\n\t\t\t\t\t<\/div>\n\t\t<\/section>\n\t\t<div class=\"elementor-element elementor-element-785ebec8 e-flex e-con-boxed wpr-particle-no wpr-jarallax-no wpr-parallax-no wpr-sticky-section-no wpr-equal-height-no e-con e-parent\" data-id=\"785ebec8\" data-element_type=\"container\" data-e-type=\"container\">\n\t\t\t\t\t<div class=\"e-con-inner\">\n\t\t<div class=\"elementor-element elementor-element-61b8e929 e-con-full e-flex wpr-particle-no wpr-jarallax-no wpr-parallax-no wpr-sticky-section-no wpr-equal-height-no e-con e-child\" data-id=\"61b8e929\" data-element_type=\"container\" data-e-type=\"container\">\n\t\t\t\t<div class=\"elementor-element elementor-element-7668a1c5 elementor-widget elementor-widget-text-editor\" data-id=\"7668a1c5\" data-element_type=\"widget\" data-e-type=\"widget\" data-widget_type=\"text-editor.default\">\n\t\t\t\t<div class=\"elementor-widget-container\">\n\t\t\t\t\t\t\t\t\t<h3>Ch\u0119tnie si\u0119 z Tob\u0105 skontaktujemy.<br \/>Skontaktuj si\u0119 z nami, korzystaj\u0105c z poni\u017cszych danych.<\/h3>\t\t\t\t\t\t\t\t<\/div>\n\t\t\t\t<\/div>\n\t\t\t\t<div class=\"elementor-element elementor-element-3d35f1a elementor-widget elementor-widget-text-editor\" data-id=\"3d35f1a\" data-element_type=\"widget\" data-e-type=\"widget\" data-widget_type=\"text-editor.default\">\n\t\t\t\t<div class=\"elementor-widget-container\">\n\t\t\t\t\t\t\t\t\t<p><span lang=\"EN-GB\" xml:lang=\"EN-GB\" data-contrast=\"none\">Je\u015bli chcesz dowiedzie\u0107 si\u0119 wi\u0119cej o JUVENTAS, do\u0142\u0105czy\u0107 do naszych program\u00f3w lub nawi\u0105za\u0107 z nami wsp\u00f3\u0142prac\u0119, skontaktuj si\u0119 z nami. Razem zbudujmy integracyjne i upodmiotowione spo\u0142eczno\u015bci!<\/span><span data-ccp-props=\"{&quot;335551550&quot;:6,&quot;335551620&quot;:6}\">\u00a0<\/span><\/p>\t\t\t\t\t\t\t\t<\/div>\n\t\t\t\t<\/div>\n\t\t\t\t<\/div>\n\t\t<div class=\"elementor-element elementor-element-c831010 e-con-full e-flex wpr-particle-no wpr-jarallax-no wpr-parallax-no wpr-sticky-section-no wpr-equal-height-no e-con e-child\" data-id=\"c831010\" data-element_type=\"container\" data-e-type=\"container\">\n\t\t\t\t<div class=\"elementor-element elementor-element-75495d4d elementor-widget elementor-widget-image\" data-id=\"75495d4d\" data-element_type=\"widget\" data-e-type=\"widget\" data-widget_type=\"image.default\">\n\t\t\t\t<div class=\"elementor-widget-container\">\n\t\t\t\t\t\t\t\t\t\t\t\t\t\t\t<img fetchpriority=\"high\" decoding=\"async\" width=\"1000\" height=\"563\" src=\"https:\/\/de30829e-a388-430c-b449-c3bd271e5354.express.conves.io\/wp-content\/uploads\/2020\/12\/pexels-fauxels-3182798.jpg\" class=\"attachment-large size-large wp-image-889\" alt=\"\" srcset=\"https:\/\/de30829e-a388-430c-b449-c3bd271e5354.express.conves.io\/wp-content\/uploads\/2020\/12\/pexels-fauxels-3182798.jpg 1000w, https:\/\/de30829e-a388-430c-b449-c3bd271e5354.express.conves.io\/wp-content\/uploads\/2020\/12\/pexels-fauxels-3182798-300x169.jpg 300w, https:\/\/de30829e-a388-430c-b449-c3bd271e5354.express.conves.io\/wp-content\/uploads\/2020\/12\/pexels-fauxels-3182798-768x432.jpg 768w\" sizes=\"(max-width: 1000px) 100vw, 1000px\" \/>\t\t\t\t\t\t\t\t\t\t\t\t\t\t\t<\/div>\n\t\t\t\t<\/div>\n\t\t\t\t<\/div>\n\t\t\t\t\t<\/div>\n\t\t\t\t<\/div>\n\t\t<div class=\"elementor-element elementor-element-ea506e6 e-con-full e-flex wpr-particle-no wpr-jarallax-no wpr-parallax-no wpr-sticky-section-no wpr-equal-height-no e-con e-parent\" data-id=\"ea506e6\" data-element_type=\"container\" data-e-type=\"container\">\n\t\t<div class=\"elementor-element elementor-element-40b6157 e-con-full e-flex wpr-particle-no wpr-jarallax-no wpr-parallax-no wpr-sticky-section-no wpr-equal-height-no e-con e-child\" data-id=\"40b6157\" data-element_type=\"container\" data-e-type=\"container\">\n\t\t\t\t<div class=\"elementor-element elementor-element-d09ea4f elementor-widget elementor-widget-image\" data-id=\"d09ea4f\" data-element_type=\"widget\" data-e-type=\"widget\" data-widget_type=\"image.default\">\n\t\t\t\t<div class=\"elementor-widget-container\">\n\t\t\t\t\t\t\t\t\t\t\t\t\t\t\t<img decoding=\"async\" width=\"500\" height=\"500\" src=\"https:\/\/de30829e-a388-430c-b449-c3bd271e5354.express.conves.io\/wp-content\/uploads\/2025\/02\/10.png\" class=\"attachment-large size-large wp-image-65514\" alt=\"\" srcset=\"https:\/\/de30829e-a388-430c-b449-c3bd271e5354.express.conves.io\/wp-content\/uploads\/2025\/02\/10.png 500w, https:\/\/de30829e-a388-430c-b449-c3bd271e5354.express.conves.io\/wp-content\/uploads\/2025\/02\/10-300x300.png 300w, https:\/\/de30829e-a388-430c-b449-c3bd271e5354.express.conves.io\/wp-content\/uploads\/2025\/02\/10-150x150.png 150w\" sizes=\"(max-width: 500px) 100vw, 500px\" \/>\t\t\t\t\t\t\t\t\t\t\t\t\t\t\t<\/div>\n\t\t\t\t<\/div>\n\t\t\t\t<\/div>\n\t\t<div class=\"elementor-element elementor-element-2a95a90 e-con-full e-flex wpr-particle-no wpr-jarallax-no wpr-parallax-no wpr-sticky-section-no wpr-equal-height-no e-con e-child\" data-id=\"2a95a90\" data-element_type=\"container\" data-e-type=\"container\">\n\t\t\t\t<div class=\"elementor-element elementor-element-7e86b77 elementor-widget elementor-widget-heading\" data-id=\"7e86b77\" data-element_type=\"widget\" data-e-type=\"widget\" data-widget_type=\"heading.default\">\n\t\t\t\t<div class=\"elementor-widget-container\">\n\t\t\t\t\t<h5 class=\"elementor-heading-title elementor-size-default\">Towarzystwo Amicus (Polska)\n<\/h5>\t\t\t\t<\/div>\n\t\t\t\t<\/div>\n\t\t\t\t<div class=\"elementor-element elementor-element-cd0cdf5 elementor-icon-list--layout-traditional elementor-list-item-link-full_width elementor-widget elementor-widget-icon-list\" data-id=\"cd0cdf5\" data-element_type=\"widget\" data-e-type=\"widget\" data-widget_type=\"icon-list.default\">\n\t\t\t\t<div class=\"elementor-widget-container\">\n\t\t\t\t\t\t\t<ul class=\"elementor-icon-list-items\">\n\t\t\t\t\t\t\t<li class=\"elementor-icon-list-item\">\n\t\t\t\t\t\t\t\t\t\t<span class=\"elementor-icon-list-text\"><b>Strona internetowa:<\/b> www.towarzystwoamicus.pl<\/span>\n\t\t\t\t\t\t\t\t\t<\/li>\n\t\t\t\t\t\t\t\t<li class=\"elementor-icon-list-item\">\n\t\t\t\t\t\t\t\t\t\t<span class=\"elementor-icon-list-text\"><b>Telefon:<\/b> +48 (85) 653 77 53<\/span>\n\t\t\t\t\t\t\t\t\t<\/li>\n\t\t\t\t\t\t\t\t<li class=\"elementor-icon-list-item\">\n\t\t\t\t\t\t\t\t\t\t<span class=\"elementor-icon-list-text\"><b>E-mail: <\/b>biuro@towarzystwoamicus.pl<\/span>\n\t\t\t\t\t\t\t\t\t<\/li>\n\t\t\t\t\t\t<\/ul>\n\t\t\t\t\t\t<\/div>\n\t\t\t\t<\/div>\n\t\t\t\t<\/div>\n\t\t<div class=\"elementor-element elementor-element-45a1925 e-con-full e-flex wpr-particle-no wpr-jarallax-no wpr-parallax-no wpr-sticky-section-no wpr-equal-height-no e-con e-child\" data-id=\"45a1925\" data-element_type=\"container\" data-e-type=\"container\">\n\t\t\t\t<div class=\"elementor-element elementor-element-9e51cfa elementor-widget elementor-widget-image\" data-id=\"9e51cfa\" data-element_type=\"widget\" data-e-type=\"widget\" data-widget_type=\"image.default\">\n\t\t\t\t<div class=\"elementor-widget-container\">\n\t\t\t\t\t\t\t\t\t\t\t\t\t\t\t<img decoding=\"async\" width=\"500\" height=\"500\" src=\"https:\/\/de30829e-a388-430c-b449-c3bd271e5354.express.conves.io\/wp-content\/uploads\/2025\/02\/11.png\" class=\"attachment-large size-large wp-image-65515\" alt=\"\" srcset=\"https:\/\/de30829e-a388-430c-b449-c3bd271e5354.express.conves.io\/wp-content\/uploads\/2025\/02\/11.png 500w, https:\/\/de30829e-a388-430c-b449-c3bd271e5354.express.conves.io\/wp-content\/uploads\/2025\/02\/11-300x300.png 300w, https:\/\/de30829e-a388-430c-b449-c3bd271e5354.express.conves.io\/wp-content\/uploads\/2025\/02\/11-150x150.png 150w\" sizes=\"(max-width: 500px) 100vw, 500px\" \/>\t\t\t\t\t\t\t\t\t\t\t\t\t\t\t<\/div>\n\t\t\t\t<\/div>\n\t\t\t\t<\/div>\n\t\t<div class=\"elementor-element elementor-element-95ba97f e-con-full e-flex wpr-particle-no wpr-jarallax-no wpr-parallax-no wpr-sticky-section-no wpr-equal-height-no e-con e-child\" data-id=\"95ba97f\" data-element_type=\"container\" data-e-type=\"container\">\n\t\t\t\t<div class=\"elementor-element elementor-element-92ff9fa elementor-widget elementor-widget-heading\" data-id=\"92ff9fa\" data-element_type=\"widget\" data-e-type=\"widget\" data-widget_type=\"heading.default\">\n\t\t\t\t<div class=\"elementor-widget-container\">\n\t\t\t\t\t<h5 class=\"elementor-heading-title elementor-size-default\">MV International (W\u0142ochy)<\/h5>\t\t\t\t<\/div>\n\t\t\t\t<\/div>\n\t\t\t\t<div class=\"elementor-element elementor-element-17b9471 elementor-icon-list--layout-traditional elementor-list-item-link-full_width elementor-widget elementor-widget-icon-list\" data-id=\"17b9471\" data-element_type=\"widget\" data-e-type=\"widget\" data-widget_type=\"icon-list.default\">\n\t\t\t\t<div class=\"elementor-widget-container\">\n\t\t\t\t\t\t\t<ul class=\"elementor-icon-list-items\">\n\t\t\t\t\t\t\t<li class=\"elementor-icon-list-item\">\n\t\t\t\t\t\t\t\t\t\t<span class=\"elementor-icon-list-text\"><b>Strona internetowa:<\/b> www.mvinternational.ngo<\/span>\n\t\t\t\t\t\t\t\t\t<\/li>\n\t\t\t\t\t\t\t\t<li class=\"elementor-icon-list-item\">\n\t\t\t\t\t\t\t\t\t\t<span class=\"elementor-icon-list-text\"><b>Telefon:<\/b> +39 079 601 0000<\/span>\n\t\t\t\t\t\t\t\t\t<\/li>\n\t\t\t\t\t\t\t\t<li class=\"elementor-icon-list-item\">\n\t\t\t\t\t\t\t\t\t\t<span class=\"elementor-icon-list-text\"><b>E-mail:<\/b> secretary@mvinternational.info<\/span>\n\t\t\t\t\t\t\t\t\t<\/li>\n\t\t\t\t\t\t<\/ul>\n\t\t\t\t\t\t<\/div>\n\t\t\t\t<\/div>\n\t\t\t\t<\/div>\n\t\t\t\t<\/div>\n\t\t\t\t<\/div>","protected":false},"excerpt":{"rendered":"<p>Contact Us We would love to hear from you.Feel free to reach out using the below details. Whether you\u2019re interested in learning more about JUVENTAS, joining our programs, or partnering with us, feel free to reach out. Let\u2019s build inclusive and empowered communities together!\u00a0 Towarzystwo Amicus (Poland) Website: www.towarzystwoamicus.pl Phone: +48 (85) 653 77 53 Email: biuro@towarzystwoamicus.pl MV International (Italy) Website: www.mvinternational.ngo Phone: +39 079 601 0000 Email: secretary@mvinternational.info<\/p>","protected":false},"author":1,"featured_media":0,"parent":0,"menu_order":0,"comment_status":"closed","ping_status":"closed","template":"","meta":{"_kadence_starter_templates_imported_post":false,"_kad_post_transparent":"","_kad_post_title":"hide","_kad_post_layout":"fullwidth","_kad_post_sidebar_id":"","_kad_post_content_style":"unboxed","_kad_post_vertical_padding":"hide","_kad_post_feature":"hide","_kad_post_feature_position":"","_kad_post_header":false,"_kad_post_footer":false,"_kad_post_classname":"","footnotes":""},"class_list":["post-65339","page","type-page","status-publish","hentry"],"_links":{"self":[{"href":"https:\/\/de30829e-a388-430c-b449-c3bd271e5354.express.conves.io\/pl\/wp-json\/wp\/v2\/pages\/65339","targetHints":{"allow":["GET"]}}],"collection":[{"href":"https:\/\/de30829e-a388-430c-b449-c3bd271e5354.express.conves.io\/pl\/wp-json\/wp\/v2\/pages"}],"about":[{"href":"https:\/\/de30829e-a388-430c-b449-c3bd271e5354.express.conves.io\/pl\/wp-json\/wp\/v2\/types\/page"}],"author":[{"embeddable":true,"href":"https:\/\/de30829e-a388-430c-b449-c3bd271e5354.express.conves.io\/pl\/wp-json\/wp\/v2\/users\/1"}],"replies":[{"embeddable":true,"href":"https:\/\/de30829e-a388-430c-b449-c3bd271e5354.express.conves.io\/pl\/wp-json\/wp\/v2\/comments?post=65339"}],"version-history":[{"count":74,"href":"https:\/\/de30829e-a388-430c-b449-c3bd271e5354.express.conves.io\/pl\/wp-json\/wp\/v2\/pages\/65339\/revisions"}],"predecessor-version":[{"id":66100,"href":"https:\/\/de30829e-a388-430c-b449-c3bd271e5354.express.conves.io\/pl\/wp-json\/wp\/v2\/pages\/65339\/revisions\/66100"}],"wp:attachment":[{"href":"https:\/\/de30829e-a388-430c-b449-c3bd271e5354.express.conves.io\/pl\/wp-json\/wp\/v2\/media?parent=65339"}],"curies":[{"name":"wp","href":"https:\/\/api.w.org\/{rel}","templated":true}]}}