{"id":840,"date":"2020-12-11T13:32:00","date_gmt":"2020-12-11T10:32:00","guid":{"rendered":"http:\/\/www.grafas.org\/demo06\/?page_id=840"},"modified":"2025-09-30T08:00:50","modified_gmt":"2025-09-30T08:00:50","slug":"about","status":"publish","type":"page","link":"https:\/\/de30829e-a388-430c-b449-c3bd271e5354.express.conves.io\/it\/about\/","title":{"rendered":"Circa"},"content":{"rendered":"<div data-elementor-type=\"wp-page\" data-elementor-id=\"840\" class=\"elementor elementor-840\">\n\t\t\t\t\t\t<section class=\"elementor-section elementor-top-section elementor-element elementor-element-0952ac8 elementor-section-boxed elementor-section-height-default elementor-section-height-default wpr-particle-no wpr-jarallax-no wpr-parallax-no wpr-sticky-section-no wpr-equal-height-no\" data-id=\"0952ac8\" data-element_type=\"section\" data-e-type=\"section\">\n\t\t\t\t\t\t\t<div class=\"elementor-background-overlay\"><\/div>\n\t\t\t\t\t\t\t<div class=\"elementor-container elementor-column-gap-default\">\n\t\t\t\t\t<div class=\"elementor-column elementor-col-100 elementor-top-column elementor-element elementor-element-727bf12\" data-id=\"727bf12\" data-element_type=\"column\" data-e-type=\"column\" data-settings=\"{&quot;background_background&quot;:&quot;classic&quot;}\">\n\t\t\t<div class=\"elementor-widget-wrap elementor-element-populated\">\n\t\t\t\t\t\t<div class=\"elementor-element elementor-element-2fbc6c9 elementor-widget elementor-widget-heading\" data-id=\"2fbc6c9\" data-element_type=\"widget\" data-e-type=\"widget\" data-widget_type=\"heading.default\">\n\t\t\t\t<div class=\"elementor-widget-container\">\n\t\t\t\t\t<h1 class=\"elementor-heading-title elementor-size-default\">Chi siamo?<\/h1>\t\t\t\t<\/div>\n\t\t\t\t<\/div>\n\t\t\t\t\t<\/div>\n\t\t<\/div>\n\t\t\t\t\t<\/div>\n\t\t<\/section>\n\t\t\t\t<section class=\"elementor-section elementor-top-section elementor-element elementor-element-31ddae4c elementor-section-boxed elementor-section-height-default elementor-section-height-default wpr-particle-no wpr-jarallax-no wpr-parallax-no wpr-sticky-section-no wpr-equal-height-no\" data-id=\"31ddae4c\" data-element_type=\"section\" data-e-type=\"section\">\n\t\t\t\t\t\t<div class=\"elementor-container elementor-column-gap-wide\">\n\t\t\t\t\t<div class=\"elementor-column elementor-col-50 elementor-top-column elementor-element elementor-element-27be2589 elementor-invisible\" data-id=\"27be2589\" data-element_type=\"column\" data-e-type=\"column\" data-settings=\"{&quot;animation&quot;:&quot;fadeIn&quot;,&quot;animation_delay&quot;:50}\">\n\t\t\t<div class=\"elementor-widget-wrap elementor-element-populated\">\n\t\t\t\t\t\t<div class=\"elementor-element elementor-element-47870cfa elementor-widget elementor-widget-text-editor\" data-id=\"47870cfa\" data-element_type=\"widget\" data-e-type=\"widget\" data-widget_type=\"text-editor.default\">\n\t\t\t\t<div class=\"elementor-widget-container\">\n\t\t\t\t\t\t\t\t\t<p>JUVENTAS - Traditional games to foster youth civic engagement (progetto n. 101181272) \u00e8 un'iniziativa Erasmus+ di Capacity Building nel settore della Giovent\u00f9 dedicata al potenziamento dei giovani attraverso metodi educativi innovativi e il patrimonio culturale. Utilizzando i valori incorporati nei giochi tradizionali, JUVENTAS promuove l'impegno civico, il dialogo interculturale e la collaborazione tra i giovani in Europa e nella regione MENA.<\/p><p>La nostra missione \u00e8 quella di fornire ai giovani e agli educatori gli strumenti necessari per creare comunit\u00e0 inclusive, connesse e responsabilizzate. <\/p>\t\t\t\t\t\t\t\t<\/div>\n\t\t\t\t<\/div>\n\t\t\t\t<section class=\"elementor-section elementor-inner-section elementor-element elementor-element-2d4ee2ea elementor-section-boxed elementor-section-height-default elementor-section-height-default wpr-particle-no wpr-jarallax-no wpr-parallax-no wpr-sticky-section-no wpr-equal-height-no\" data-id=\"2d4ee2ea\" data-element_type=\"section\" data-e-type=\"section\">\n\t\t\t\t\t\t<div class=\"elementor-container elementor-column-gap-extended\">\n\t\t\t\t\t<div class=\"elementor-column elementor-col-50 elementor-inner-column elementor-element elementor-element-1021d672\" data-id=\"1021d672\" data-element_type=\"column\" data-e-type=\"column\">\n\t\t\t<div class=\"elementor-widget-wrap elementor-element-populated\">\n\t\t\t\t\t\t<div class=\"elementor-element elementor-element-5d6551a elementor-widget elementor-widget-image\" data-id=\"5d6551a\" data-element_type=\"widget\" data-e-type=\"widget\" data-widget_type=\"image.default\">\n\t\t\t\t<div class=\"elementor-widget-container\">\n\t\t\t\t\t\t\t\t\t\t\t\t\t\t\t<img fetchpriority=\"high\" decoding=\"async\" width=\"1000\" height=\"667\" src=\"https:\/\/de30829e-a388-430c-b449-c3bd271e5354.express.conves.io\/wp-content\/uploads\/2020\/12\/pexels-fauxels-3228738.jpg\" class=\"attachment-large size-large wp-image-893\" alt=\"\" srcset=\"https:\/\/de30829e-a388-430c-b449-c3bd271e5354.express.conves.io\/wp-content\/uploads\/2020\/12\/pexels-fauxels-3228738.jpg 1000w, https:\/\/de30829e-a388-430c-b449-c3bd271e5354.express.conves.io\/wp-content\/uploads\/2020\/12\/pexels-fauxels-3228738-300x200.jpg 300w, https:\/\/de30829e-a388-430c-b449-c3bd271e5354.express.conves.io\/wp-content\/uploads\/2020\/12\/pexels-fauxels-3228738-768x512.jpg 768w\" sizes=\"(max-width: 1000px) 100vw, 1000px\" \/>\t\t\t\t\t\t\t\t\t\t\t\t\t\t\t<\/div>\n\t\t\t\t<\/div>\n\t\t\t\t<div class=\"elementor-element elementor-element-10adf2d5 elementor-widget elementor-widget-image\" data-id=\"10adf2d5\" data-element_type=\"widget\" data-e-type=\"widget\" data-widget_type=\"image.default\">\n\t\t\t\t<div class=\"elementor-widget-container\">\n\t\t\t\t\t\t\t\t\t\t\t\t\t\t\t<img decoding=\"async\" width=\"1000\" height=\"667\" src=\"https:\/\/de30829e-a388-430c-b449-c3bd271e5354.express.conves.io\/wp-content\/uploads\/2020\/12\/pexels-fauxels-3184436.jpg\" class=\"attachment-large size-large wp-image-891\" alt=\"\" srcset=\"https:\/\/de30829e-a388-430c-b449-c3bd271e5354.express.conves.io\/wp-content\/uploads\/2020\/12\/pexels-fauxels-3184436.jpg 1000w, https:\/\/de30829e-a388-430c-b449-c3bd271e5354.express.conves.io\/wp-content\/uploads\/2020\/12\/pexels-fauxels-3184436-300x200.jpg 300w, https:\/\/de30829e-a388-430c-b449-c3bd271e5354.express.conves.io\/wp-content\/uploads\/2020\/12\/pexels-fauxels-3184436-768x512.jpg 768w\" sizes=\"(max-width: 1000px) 100vw, 1000px\" \/>\t\t\t\t\t\t\t\t\t\t\t\t\t\t\t<\/div>\n\t\t\t\t<\/div>\n\t\t\t\t\t<\/div>\n\t\t<\/div>\n\t\t\t\t<div class=\"elementor-column elementor-col-50 elementor-inner-column elementor-element elementor-element-13c98cea\" data-id=\"13c98cea\" data-element_type=\"column\" data-e-type=\"column\">\n\t\t\t<div class=\"elementor-widget-wrap elementor-element-populated\">\n\t\t\t\t\t\t<div class=\"elementor-element elementor-element-9395cb9 elementor-widget elementor-widget-image\" data-id=\"9395cb9\" data-element_type=\"widget\" data-e-type=\"widget\" data-widget_type=\"image.default\">\n\t\t\t\t<div class=\"elementor-widget-container\">\n\t\t\t\t\t\t\t\t\t\t\t\t\t\t\t<img decoding=\"async\" width=\"667\" height=\"1000\" src=\"https:\/\/de30829e-a388-430c-b449-c3bd271e5354.express.conves.io\/wp-content\/uploads\/2020\/12\/pexels-fauxels-3184435.jpg\" class=\"attachment-large size-large wp-image-895\" alt=\"\" srcset=\"https:\/\/de30829e-a388-430c-b449-c3bd271e5354.express.conves.io\/wp-content\/uploads\/2020\/12\/pexels-fauxels-3184435.jpg 667w, https:\/\/de30829e-a388-430c-b449-c3bd271e5354.express.conves.io\/wp-content\/uploads\/2020\/12\/pexels-fauxels-3184435-200x300.jpg 200w\" sizes=\"(max-width: 667px) 100vw, 667px\" \/>\t\t\t\t\t\t\t\t\t\t\t\t\t\t\t<\/div>\n\t\t\t\t<\/div>\n\t\t\t\t\t<\/div>\n\t\t<\/div>\n\t\t\t\t\t<\/div>\n\t\t<\/section>\n\t\t\t\t\t<\/div>\n\t\t<\/div>\n\t\t\t\t<div class=\"elementor-column elementor-col-50 elementor-top-column elementor-element elementor-element-1a638b95 elementor-invisible\" data-id=\"1a638b95\" data-element_type=\"column\" data-e-type=\"column\" data-settings=\"{&quot;animation&quot;:&quot;fadeIn&quot;,&quot;animation_delay&quot;:150}\">\n\t\t\t<div class=\"elementor-widget-wrap elementor-element-populated\">\n\t\t\t\t\t\t<div class=\"elementor-element elementor-element-47947d25 elementor-widget elementor-widget-heading\" data-id=\"47947d25\" data-element_type=\"widget\" data-e-type=\"widget\" data-widget_type=\"heading.default\">\n\t\t\t\t<div class=\"elementor-widget-container\">\n\t\t\t\t\t<h3 class=\"elementor-heading-title elementor-size-default\">Missione<\/h3>\t\t\t\t<\/div>\n\t\t\t\t<\/div>\n\t\t\t\t<div class=\"elementor-element elementor-element-2a2dfd6f elementor-widget elementor-widget-text-editor\" data-id=\"2a2dfd6f\" data-element_type=\"widget\" data-e-type=\"widget\" data-widget_type=\"text-editor.default\">\n\t\t\t\t<div class=\"elementor-widget-container\">\n\t\t\t\t\t\t\t\t\t<p>Ispirare e responsabilizzare i giovani a diventare agenti attivi del cambiamento facendo leva sul patrimonio culturale e promuovendo la partecipazione civica attraverso i giochi tradizionali.<\/p>\t\t\t\t\t\t\t\t<\/div>\n\t\t\t\t<\/div>\n\t\t\t\t<div class=\"elementor-element elementor-element-59bed7e8 elementor-widget elementor-widget-image\" data-id=\"59bed7e8\" data-element_type=\"widget\" data-e-type=\"widget\" data-widget_type=\"image.default\">\n\t\t\t\t<div class=\"elementor-widget-container\">\n\t\t\t\t\t\t\t\t\t\t\t\t\t\t\t<img loading=\"lazy\" decoding=\"async\" width=\"1000\" height=\"667\" src=\"https:\/\/de30829e-a388-430c-b449-c3bd271e5354.express.conves.io\/wp-content\/uploads\/2020\/12\/pexels-fauxels-3184395.jpg\" class=\"attachment-large size-large wp-image-890\" alt=\"\" srcset=\"https:\/\/de30829e-a388-430c-b449-c3bd271e5354.express.conves.io\/wp-content\/uploads\/2020\/12\/pexels-fauxels-3184395.jpg 1000w, https:\/\/de30829e-a388-430c-b449-c3bd271e5354.express.conves.io\/wp-content\/uploads\/2020\/12\/pexels-fauxels-3184395-300x200.jpg 300w, https:\/\/de30829e-a388-430c-b449-c3bd271e5354.express.conves.io\/wp-content\/uploads\/2020\/12\/pexels-fauxels-3184395-768x512.jpg 768w\" sizes=\"(max-width: 1000px) 100vw, 1000px\" \/>\t\t\t\t\t\t\t\t\t\t\t\t\t\t\t<\/div>\n\t\t\t\t<\/div>\n\t\t\t\t<div class=\"elementor-element elementor-element-65b11c5 elementor-widget elementor-widget-spacer\" data-id=\"65b11c5\" data-element_type=\"widget\" data-e-type=\"widget\" data-widget_type=\"spacer.default\">\n\t\t\t\t<div class=\"elementor-widget-container\">\n\t\t\t\t\t\t\t<div class=\"elementor-spacer\">\n\t\t\t<div class=\"elementor-spacer-inner\"><\/div>\n\t\t<\/div>\n\t\t\t\t\t\t<\/div>\n\t\t\t\t<\/div>\n\t\t\t\t<div class=\"elementor-element elementor-element-439e73f3 elementor-widget elementor-widget-heading\" data-id=\"439e73f3\" data-element_type=\"widget\" data-e-type=\"widget\" data-widget_type=\"heading.default\">\n\t\t\t\t<div class=\"elementor-widget-container\">\n\t\t\t\t\t<h3 class=\"elementor-heading-title elementor-size-default\">Visione<\/h3>\t\t\t\t<\/div>\n\t\t\t\t<\/div>\n\t\t\t\t<div class=\"elementor-element elementor-element-58582cd elementor-widget elementor-widget-text-editor\" data-id=\"58582cd\" data-element_type=\"widget\" data-e-type=\"widget\" data-widget_type=\"text-editor.default\">\n\t\t\t\t<div class=\"elementor-widget-container\">\n\t\t\t\t\t\t\t\t\t<p>Un mondo in cui i giovani di diverse regioni lavorano insieme per costruire societ\u00e0 inclusive, democratiche e sostenibili.<\/p>\t\t\t\t\t\t\t\t<\/div>\n\t\t\t\t<\/div>\n\t\t\t\t<div class=\"elementor-element elementor-element-66ceb8e3 elementor-widget elementor-widget-image\" data-id=\"66ceb8e3\" data-element_type=\"widget\" data-e-type=\"widget\" data-widget_type=\"image.default\">\n\t\t\t\t<div class=\"elementor-widget-container\">\n\t\t\t\t\t\t\t\t\t\t\t\t\t\t\t<img loading=\"lazy\" decoding=\"async\" width=\"1000\" height=\"667\" src=\"https:\/\/de30829e-a388-430c-b449-c3bd271e5354.express.conves.io\/wp-content\/uploads\/2020\/12\/pexels-ketut-subiyanto-4560083.jpg\" class=\"attachment-large size-large wp-image-822\" alt=\"\" srcset=\"https:\/\/de30829e-a388-430c-b449-c3bd271e5354.express.conves.io\/wp-content\/uploads\/2020\/12\/pexels-ketut-subiyanto-4560083.jpg 1000w, https:\/\/de30829e-a388-430c-b449-c3bd271e5354.express.conves.io\/wp-content\/uploads\/2020\/12\/pexels-ketut-subiyanto-4560083-300x200.jpg 300w, https:\/\/de30829e-a388-430c-b449-c3bd271e5354.express.conves.io\/wp-content\/uploads\/2020\/12\/pexels-ketut-subiyanto-4560083-768x512.jpg 768w\" sizes=\"(max-width: 1000px) 100vw, 1000px\" \/>\t\t\t\t\t\t\t\t\t\t\t\t\t\t\t<\/div>\n\t\t\t\t<\/div>\n\t\t\t\t\t<\/div>\n\t\t<\/div>\n\t\t\t\t\t<\/div>\n\t\t<\/section>\n\t\t\t\t<section class=\"elementor-section elementor-top-section elementor-element elementor-element-7bcae80 elementor-hidden-phone elementor-section-boxed elementor-section-height-default elementor-section-height-default wpr-particle-no wpr-jarallax-no wpr-parallax-no wpr-sticky-section-no wpr-equal-height-no elementor-invisible\" data-id=\"7bcae80\" data-element_type=\"section\" data-e-type=\"section\" data-settings=\"{&quot;animation&quot;:&quot;fadeIn&quot;,&quot;animation_delay&quot;:50}\">\n\t\t\t\t\t\t<div class=\"elementor-container elementor-column-gap-default\">\n\t\t\t\t\t<div class=\"elementor-column elementor-col-50 elementor-top-column elementor-element elementor-element-5909cfc\" data-id=\"5909cfc\" data-element_type=\"column\" data-e-type=\"column\">\n\t\t\t<div class=\"elementor-widget-wrap elementor-element-populated\">\n\t\t\t\t\t\t<div class=\"elementor-element elementor-element-a003445 elementor-widget elementor-widget-heading\" data-id=\"a003445\" data-element_type=\"widget\" data-e-type=\"widget\" data-widget_type=\"heading.default\">\n\t\t\t\t<div class=\"elementor-widget-container\">\n\t\t\t\t\t<h4 class=\"elementor-heading-title elementor-size-default\">I nostri obiettivi:<\/h4>\t\t\t\t<\/div>\n\t\t\t\t<\/div>\n\t\t\t\t\t<\/div>\n\t\t<\/div>\n\t\t\t\t<div class=\"elementor-column elementor-col-50 elementor-top-column elementor-element elementor-element-c1d2e05\" data-id=\"c1d2e05\" data-element_type=\"column\" data-e-type=\"column\">\n\t\t\t<div class=\"elementor-widget-wrap elementor-element-populated\">\n\t\t\t\t\t\t<div class=\"elementor-element elementor-element-e536ec7 elementor-widget elementor-widget-text-editor\" data-id=\"e536ec7\" data-element_type=\"widget\" data-e-type=\"widget\" data-widget_type=\"text-editor.default\">\n\t\t\t\t<div class=\"elementor-widget-container\">\n\t\t\t\t\t\t\t\t\t<p>JUVENTAS si concentra sulla risoluzione delle sfide critiche affrontate dai giovani, tra cui le limitate opportunit\u00e0 di impegno civico, la mancanza di comprensione interculturale e il sottoutilizzo dei metodi di educazione non formale.<\/p>\t\t\t\t\t\t\t\t<\/div>\n\t\t\t\t<\/div>\n\t\t\t\t\t<\/div>\n\t\t<\/div>\n\t\t\t\t\t<\/div>\n\t\t<\/section>\n\t\t\t\t<section class=\"elementor-section elementor-top-section elementor-element elementor-element-94fcb29 elementor-hidden-phone elementor-section-boxed elementor-section-height-default elementor-section-height-default wpr-particle-no wpr-jarallax-no wpr-parallax-no wpr-sticky-section-no wpr-equal-height-no elementor-invisible\" data-id=\"94fcb29\" data-element_type=\"section\" data-e-type=\"section\" data-settings=\"{&quot;animation&quot;:&quot;fadeIn&quot;,&quot;animation_delay&quot;:50}\">\n\t\t\t\t\t\t<div class=\"elementor-container elementor-column-gap-default\">\n\t\t\t\t\t<div class=\"elementor-column elementor-col-50 elementor-top-column elementor-element elementor-element-605f22d\" data-id=\"605f22d\" data-element_type=\"column\" data-e-type=\"column\">\n\t\t\t<div class=\"elementor-widget-wrap elementor-element-populated\">\n\t\t\t\t\t\t<div class=\"elementor-element elementor-element-3c4bdcc elementor-widget elementor-widget-heading\" data-id=\"3c4bdcc\" data-element_type=\"widget\" data-e-type=\"widget\" data-widget_type=\"heading.default\">\n\t\t\t\t<div class=\"elementor-widget-container\">\n\t\t\t\t\t<h4 class=\"elementor-heading-title elementor-size-default\">I nostri obiettivi specifici comprendono: <\/h4>\t\t\t\t<\/div>\n\t\t\t\t<\/div>\n\t\t\t\t\t<\/div>\n\t\t<\/div>\n\t\t\t\t<div class=\"elementor-column elementor-col-50 elementor-top-column elementor-element elementor-element-67755b3\" data-id=\"67755b3\" data-element_type=\"column\" data-e-type=\"column\">\n\t\t\t<div class=\"elementor-widget-wrap elementor-element-populated\">\n\t\t\t\t\t\t<div class=\"elementor-element elementor-element-0a74529 elementor-widget elementor-widget-text-editor\" data-id=\"0a74529\" data-element_type=\"widget\" data-e-type=\"widget\" data-widget_type=\"text-editor.default\">\n\t\t\t\t<div class=\"elementor-widget-container\">\n\t\t\t\t\t\t\t\t\t<ul><li>Fornire agli operatori giovanili e ai formatori strumenti innovativi per promuovere l'impegno civico.<\/li><li>Incoraggiare la partecipazione dei giovani alle attivit\u00e0 sociali e culturali attraverso il volontariato e il dialogo.<\/li><li>Promuovere i giochi tradizionali come strumenti educativi per favorire il pensiero critico, la collaborazione e il rispetto.<\/li><li>Creare connessioni interculturali tra i giovani dell'UE e delle regioni MENA.<\/li><\/ul>\t\t\t\t\t\t\t\t<\/div>\n\t\t\t\t<\/div>\n\t\t\t\t\t<\/div>\n\t\t<\/div>\n\t\t\t\t\t<\/div>\n\t\t<\/section>\n\t\t\t\t<section class=\"elementor-section elementor-top-section elementor-element elementor-element-76ae35eb0 elementor-section-boxed elementor-section-height-default elementor-section-height-default wpr-particle-no wpr-jarallax-no wpr-parallax-no wpr-sticky-section-no wpr-equal-height-no\" data-id=\"76ae35eb0\" data-element_type=\"section\" data-e-type=\"section\" data-settings=\"{&quot;background_background&quot;:&quot;gradient&quot;}\">\n\t\t\t\t\t\t<div class=\"elementor-container elementor-column-gap-default\">\n\t\t\t\t\t<div class=\"elementor-column elementor-col-100 elementor-top-column elementor-element elementor-element-727ab4e1\" data-id=\"727ab4e1\" data-element_type=\"column\" data-e-type=\"column\">\n\t\t\t<div class=\"elementor-widget-wrap elementor-element-populated\">\n\t\t\t\t\t\t<section class=\"elementor-section elementor-inner-section elementor-element elementor-element-41d2d252 elementor-section-boxed elementor-section-height-default elementor-section-height-default wpr-particle-no wpr-jarallax-no wpr-parallax-no wpr-sticky-section-no wpr-equal-height-no\" data-id=\"41d2d252\" data-element_type=\"section\" data-e-type=\"section\">\n\t\t\t\t\t\t<div class=\"elementor-container elementor-column-gap-default\">\n\t\t\t\t\t<div class=\"elementor-column elementor-col-33 elementor-inner-column elementor-element elementor-element-33024668\" data-id=\"33024668\" data-element_type=\"column\" data-e-type=\"column\">\n\t\t\t<div class=\"elementor-widget-wrap elementor-element-populated\">\n\t\t\t\t\t\t<div class=\"elementor-element elementor-element-7e178221 wpr-team-member-divider-left elementor-widget elementor-widget-wpr-team-member\" data-id=\"7e178221\" data-element_type=\"widget\" data-e-type=\"widget\" data-widget_type=\"wpr-team-member.default\">\n\t\t\t\t<div class=\"elementor-widget-container\">\n\t\t\t\t\t\n\t<div class=\"wpr-team-member\">\n\t\t\t\t\t\n\t\t\t<div class=\"wpr-member-media\">\n\t\t\t\t<div class=\"wpr-member-image\">\n\t\t\t\t\t<img decoding=\"async\" src=\"https:\/\/de30829e-a388-430c-b449-c3bd271e5354.express.conves.io\/wp-content\/uploads\/2025\/02\/portrait-student-girl-with-backpack-scaled.jpg\" alt=\"Target Group\">\n\t\t\t\t<\/div>\n\t\t\t\t\t\t\t<\/div>\n\t\t\t\t\n\t\t\n\t\t<div class=\"wpr-member-content\">\n\t\t\t<h3 class=\"wpr-member-name\">Gruppo target<\/h3>\n\t\t\t\t\t\t\t<div class=\"wpr-member-divider\"><\/div>\n\t\t\t\n\t\t\t\n\t\t\t\n\t\t\t\t\t\t\t<div class=\"wpr-member-description\">I destinatari del progetto sono gli operatori giovanili, i formatori e gli educatori delle organizzazioni partecipanti con una precedente esperienza nelle metodologie di apprendimento non formale e nei temi della partecipazione civica, che lavorano con persone con minori opportunit\u00e0.\n\n<\/div>\n\t\t\t\t\t\t\n\t\t\t\t\t<\/div>\n\n\t\t\t<\/div>\n\n\t\t\t\t\t<\/div>\n\t\t\t\t<\/div>\n\t\t\t\t\t<\/div>\n\t\t<\/div>\n\t\t\t\t<div class=\"elementor-column elementor-col-33 elementor-inner-column elementor-element elementor-element-21877ff2\" data-id=\"21877ff2\" data-element_type=\"column\" data-e-type=\"column\">\n\t\t\t<div class=\"elementor-widget-wrap elementor-element-populated\">\n\t\t\t\t\t\t<div class=\"elementor-element elementor-element-41d7884a wpr-team-member-divider-left elementor-widget elementor-widget-wpr-team-member\" data-id=\"41d7884a\" data-element_type=\"widget\" data-e-type=\"widget\" data-widget_type=\"wpr-team-member.default\">\n\t\t\t\t<div class=\"elementor-widget-container\">\n\t\t\t\t\t\n\t<div class=\"wpr-team-member\">\n\t\t\t\t\t\n\t\t\t<div class=\"wpr-member-media\">\n\t\t\t\t<div class=\"wpr-member-image\">\n\t\t\t\t\t<img decoding=\"async\" src=\"https:\/\/de30829e-a388-430c-b449-c3bd271e5354.express.conves.io\/wp-content\/uploads\/2025\/02\/high-angle-souvenirs-arrangement-scaled.jpg\" alt=\"Why Traditional Games?\">\n\t\t\t\t<\/div>\n\t\t\t\t\t\t\t<\/div>\n\t\t\t\t\n\t\t\n\t\t<div class=\"wpr-member-content\">\n\t\t\t<h3 class=\"wpr-member-name\">Perch\u00e9 i giochi tradizionali?<\/h3>\n\t\t\t\t\t\t\t<div class=\"wpr-member-divider\"><\/div>\n\t\t\t\n\t\t\t\n\t\t\t\n\t\t\t\t\t\t\t<div class=\"wpr-member-description\">I giochi tradizionali sono pi\u00f9 che un semplice intrattenimento: sono portatori di cultura, storia e valori. Insegnano abilit\u00e0 essenziali come il lavoro di squadra, la risoluzione dei problemi e il rispetto, favorendo al contempo la connessione e l'inclusione. Integrando questi giochi nell'educazione non formale, JUVENTAS colma i divari culturali e d\u00e0 ai giovani la possibilit\u00e0 di costruire comunit\u00e0 pi\u00f9 forti. \n\n<\/div>\n\t\t\t\t\t\t\n\t\t\t\t\t<\/div>\n\n\t\t\t<\/div>\n\n\t\t\t\t\t<\/div>\n\t\t\t\t<\/div>\n\t\t\t\t\t<\/div>\n\t\t<\/div>\n\t\t\t\t<div class=\"elementor-column elementor-col-33 elementor-inner-column elementor-element elementor-element-12ee32f4\" data-id=\"12ee32f4\" data-element_type=\"column\" data-e-type=\"column\">\n\t\t\t<div class=\"elementor-widget-wrap elementor-element-populated\">\n\t\t\t\t\t\t<div class=\"elementor-element elementor-element-5dcc8123 wpr-team-member-divider-left elementor-widget elementor-widget-wpr-team-member\" data-id=\"5dcc8123\" data-element_type=\"widget\" data-e-type=\"widget\" data-widget_type=\"wpr-team-member.default\">\n\t\t\t\t<div class=\"elementor-widget-container\">\n\t\t\t\t\t\n\t<div class=\"wpr-team-member\">\n\t\t\t\t\t\n\t\t\t<div class=\"wpr-member-media\">\n\t\t\t\t<div class=\"wpr-member-image\">\n\t\t\t\t\t<img decoding=\"async\" src=\"https:\/\/de30829e-a388-430c-b449-c3bd271e5354.express.conves.io\/wp-content\/uploads\/2025\/02\/happy-group-friends-with-thumbs-up-scaled.jpg\" alt=\"Examples of Values Embedded in Traditional Games:\">\n\t\t\t\t<\/div>\n\t\t\t\t\t\t\t<\/div>\n\t\t\t\t\n\t\t\n\t\t<div class=\"wpr-member-content\">\n\t\t\t<h3 class=\"wpr-member-name\">Esempi di valori incorporati nei giochi tradizionali:<\/h3>\n\t\t\t\t\t\t\t<div class=\"wpr-member-divider\"><\/div>\n\t\t\t\n\t\t\t\n\t\t\t\n\t\t\t\t\t\t\t<div class=\"wpr-member-description\">Lavoro di squadra e cooperazione\n\nPensiero strategico\n\nRispetto per gli altri\n\nConservazione del patrimonio culturale\n<\/div>\n\t\t\t\t\t\t\n\t\t\t\t\t<\/div>\n\n\t\t\t<\/div>\n\n\t\t\t\t\t<\/div>\n\t\t\t\t<\/div>\n\t\t\t\t\t<\/div>\n\t\t<\/div>\n\t\t\t\t\t<\/div>\n\t\t<\/section>\n\t\t\t\t\t<\/div>\n\t\t<\/div>\n\t\t\t\t\t<\/div>\n\t\t<\/section>\n\t\t\t\t<\/div>","protected":false},"excerpt":{"rendered":"<p>Who We Are? JUVENTAS &#8211; Traditional games to foster youth civic engagement (project nr. 101181272) is an Erasmus+ Capacity Building in the field of Youth initiative dedicated to empowering youth through innovative educational methods and cultural heritage. By utilizing the values embedded in traditional games, JUVENTAS fosters civic engagement, intercultural dialogue, and collaboration among youth in Europe and the MENA region. Our mission is to equip young people and educators with the tools they need to create inclusive, connected, and empowered communities. Mission To inspire and empower young people to become active agents of change by leveraging cultural heritage and promoting civic participation through traditional games Vision A world where youth from diverse regions work together to build inclusive, democratic, and sustainable societies. Our Goals: JUVENTAS focuses on addressing critical challenges faced by youth, including limited opportunities for civic engagement, lack of intercultural understanding, and the underutilization of non-formal education methods. Our specific goals include: Empowering youth workers and trainers with innovative tools to promote civic engagement. Encouraging youth participation in societal and cultural activities through volunteering and dialogue. Promoting traditional games as educational tools for fostering critical thinking, collaboration, and respect. Building cross-cultural connections between youth in the EU and MENA regions. Target Group The project\u2019s target audience includes Youth workers, trainers, educators from participating organization with previous experience in non-formal learning methodologies and civic participation topics, who work with people with fewer opportunities. Why Traditional Games? Traditional games are more than just entertainment\u2014they are carriers of culture, history, and values. They teach essential skills like teamwork, problem-solving, and respect while fostering connection and inclusion. By integrating these games into non-formal education, JUVENTAS bridges cultural divides and empowers youth to build stronger communities. Examples of Values Embedded in Traditional Games: Teamwork and Cooperation Strategic Thinking Respect for Other Preservation of Cultural Heritage<\/p>","protected":false},"author":1,"featured_media":0,"parent":0,"menu_order":0,"comment_status":"closed","ping_status":"closed","template":"","meta":{"_kadence_starter_templates_imported_post":true,"_kad_post_transparent":"","_kad_post_title":"hide","_kad_post_layout":"fullwidth","_kad_post_sidebar_id":"","_kad_post_content_style":"unboxed","_kad_post_vertical_padding":"hide","_kad_post_feature":"hide","_kad_post_feature_position":"","_kad_post_header":false,"_kad_post_footer":false,"_kad_post_classname":"","footnotes":""},"class_list":["post-840","page","type-page","status-publish","hentry"],"_links":{"self":[{"href":"https:\/\/de30829e-a388-430c-b449-c3bd271e5354.express.conves.io\/it\/wp-json\/wp\/v2\/pages\/840","targetHints":{"allow":["GET"]}}],"collection":[{"href":"https:\/\/de30829e-a388-430c-b449-c3bd271e5354.express.conves.io\/it\/wp-json\/wp\/v2\/pages"}],"about":[{"href":"https:\/\/de30829e-a388-430c-b449-c3bd271e5354.express.conves.io\/it\/wp-json\/wp\/v2\/types\/page"}],"author":[{"embeddable":true,"href":"https:\/\/de30829e-a388-430c-b449-c3bd271e5354.express.conves.io\/it\/wp-json\/wp\/v2\/users\/1"}],"replies":[{"embeddable":true,"href":"https:\/\/de30829e-a388-430c-b449-c3bd271e5354.express.conves.io\/it\/wp-json\/wp\/v2\/comments?post=840"}],"version-history":[{"count":124,"href":"https:\/\/de30829e-a388-430c-b449-c3bd271e5354.express.conves.io\/it\/wp-json\/wp\/v2\/pages\/840\/revisions"}],"predecessor-version":[{"id":66065,"href":"https:\/\/de30829e-a388-430c-b449-c3bd271e5354.express.conves.io\/it\/wp-json\/wp\/v2\/pages\/840\/revisions\/66065"}],"wp:attachment":[{"href":"https:\/\/de30829e-a388-430c-b449-c3bd271e5354.express.conves.io\/it\/wp-json\/wp\/v2\/media?parent=840"}],"curies":[{"name":"wp","href":"https:\/\/api.w.org\/{rel}","templated":true}]}}